{"id":2698,"date":"2024-09-28T23:08:28","date_gmt":"2024-09-28T23:08:28","guid":{"rendered":"https:\/\/miamiauto.lt\/?post_type=product&#038;p=2698"},"modified":"2024-09-28T23:08:28","modified_gmt":"2024-09-28T23:08:28","slug":"mercedes-sprinter-keleivinis-autobusas-2009","status":"publish","type":"product","link":"https:\/\/miamiauto.lt\/en\/automobiliai\/mercedes-sprinter-keleivinis-autobusas-2009\/","title":{"rendered":"Mercedes, Sprinter, Keleivinis Autobusas, 2009"},"content":{"rendered":"<p><span data-sheets-root=\"1\">*Garantuojame J\u016bs\u0173 u\u017esakymo \u012fvykdym\u0105 ir u\u017etikriname, kad Jums bus i\u0161nuomotas tos pa\u010dios arba auk\u0161tesn\u0117s klas\u0117s automobilis, tenkinantis visus J\u016bs\u0173 poreikius.<\/span><\/p>","protected":false},"excerpt":{"rendered":"<p>*Garantuojame J\u016bs\u0173 u\u017esakymo \u012fvykdym\u0105 ir u\u017etikriname, kad Jums bus i\u0161nuomotas tos pa\u010dios arba auk\u0161tesn\u0117s klas\u0117s automobilis, tenkinantis visus J\u016bs\u0173 poreikius.<\/p>","protected":false},"featured_media":2701,"comment_status":"open","ping_status":"closed","template":"","meta":{"_acf_changed":false,"_uag_custom_page_level_css":"","site-sidebar-layout":"default","site-content-layout":"","ast-site-content-layout":"default","site-content-style":"default","site-sidebar-style":"default","ast-global-header-display":"","ast-banner-title-visibility":"","ast-main-header-display":"","ast-hfb-above-header-display":"","ast-hfb-below-header-display":"","ast-hfb-mobile-header-display":"","site-post-title":"","ast-breadcrumbs-content":"","ast-featured-img":"","footer-sml-layout":"","theme-transparent-header-meta":"default","adv-header-id-meta":"","stick-header-meta":"default","header-above-stick-meta":"","header-main-stick-meta":"","header-below-stick-meta":"","astra-migrate-meta-layouts":"set","ast-page-background-enabled":"default","ast-page-background-meta":{"desktop":{"background-color":"","background-image":"","background-repeat":"repeat","background-position":"center center","background-size":"auto","background-attachment":"scroll","background-type":"","background-media":"","overlay-type":"","overlay-color":"","overlay-opacity":"","overlay-gradient":""},"tablet":{"background-color":"","background-image":"","background-repeat":"repeat","background-position":"center center","background-size":"auto","background-attachment":"scroll","background-type":"","background-media":"","overlay-type":"","overlay-color":"","overlay-opacity":"","overlay-gradient":""},"mobile":{"background-color":"","background-image":"","background-repeat":"repeat","background-position":"center center","background-size":"auto","background-attachment":"scroll","background-type":"","background-media":"","overlay-type":"","overlay-color":"","overlay-opacity":"","overlay-gradient":""}},"ast-content-background-meta":{"desktop":{"background-color":"var(--ast-global-color-5)","background-image":"","background-repeat":"repeat","background-position":"center center","background-size":"auto","background-attachment":"scroll","background-type":"","background-media":"","overlay-type":"","overlay-color":"","overlay-opacity":"","overlay-gradient":""},"tablet":{"background-color":"var(--ast-global-color-5)","background-image":"","background-repeat":"repeat","background-position":"center center","background-size":"auto","background-attachment":"scroll","background-type":"","background-media":"","overlay-type":"","overlay-color":"","overlay-opacity":"","overlay-gradient":""},"mobile":{"background-color":"var(--ast-global-color-5)","background-image":"","background-repeat":"repeat","background-position":"center center","background-size":"auto","background-attachment":"scroll","background-type":"","background-media":"","overlay-type":"","overlay-color":"","overlay-opacity":"","overlay-gradient":""}}},"product_cat":[28],"product_tag":[],"class_list":{"0":"post-2698","1":"product","2":"type-product","3":"status-publish","4":"has-post-thumbnail","6":"product_cat-nuomai","7":"desktop-align-center","8":"tablet-align-left","9":"mobile-align-left","10":"ast-product-gallery-layout-horizontal","11":"ast-product-tabs-layout-accordion","13":"first","14":"instock","15":"sold-individually","16":"shipping-taxable","17":"purchasable","18":"product-type-jet_booking"},"acf":[],"yoast_head":"<!-- This site is optimized with the Yoast SEO plugin v23.6 - https:\/\/yoast.com\/wordpress\/plugins\/seo\/ -->\n<title>Mercedes, Sprinter, Keleivinis Autobusas, 2009 - Miamiauto<\/title>\n<meta name=\"robots\" content=\"index, follow, max-snippet:-1, max-image-preview:large, max-video-preview:-1\" \/>\n<link rel=\"canonical\" href=\"https:\/\/miamiauto.lt\/en\/automobiliai\/mercedes-sprinter-keleivinis-autobusas-2009\/\" \/>\n<meta property=\"og:locale\" content=\"en_US\" \/>\n<meta property=\"og:type\" content=\"article\" \/>\n<meta property=\"og:title\" content=\"Mercedes, Sprinter, Keleivinis Autobusas, 2009 - Miamiauto\" \/>\n<meta property=\"og:description\" content=\"*Garantuojame J\u016bs\u0173 u\u017esakymo \u012fvykdym\u0105 ir u\u017etikriname, kad Jums bus i\u0161nuomotas tos pa\u010dios arba auk\u0161tesn\u0117s klas\u0117s automobilis, tenkinantis visus J\u016bs\u0173 poreikius.\" \/>\n<meta property=\"og:url\" content=\"https:\/\/miamiauto.lt\/en\/automobiliai\/mercedes-sprinter-keleivinis-autobusas-2009\/\" \/>\n<meta property=\"og:site_name\" content=\"Miamiauto\" \/>\n<meta property=\"og:image\" content=\"https:\/\/miamiauto.lt\/wp-content\/uploads\/2024\/09\/WhatsApp-Image-2024-03-27-at-10.23.19-AM.jpeg\" \/>\n\t<meta property=\"og:image:width\" content=\"1600\" \/>\n\t<meta property=\"og:image:height\" content=\"1200\" \/>\n\t<meta property=\"og:image:type\" content=\"image\/jpeg\" \/>\n<meta name=\"twitter:card\" content=\"summary_large_image\" \/>\n<script type=\"application\/ld+json\" class=\"yoast-schema-graph\">{\"@context\":\"https:\/\/schema.org\",\"@graph\":[{\"@type\":\"WebPage\",\"@id\":\"https:\/\/miamiauto.lt\/automobiliai\/mercedes-sprinter-keleivinis-autobusas-2009\/\",\"url\":\"https:\/\/miamiauto.lt\/automobiliai\/mercedes-sprinter-keleivinis-autobusas-2009\/\",\"name\":\"Mercedes, Sprinter, Keleivinis Autobusas, 2009 - Miamiauto\",\"isPartOf\":{\"@id\":\"https:\/\/miamiauto.lt\/#website\"},\"primaryImageOfPage\":{\"@id\":\"https:\/\/miamiauto.lt\/automobiliai\/mercedes-sprinter-keleivinis-autobusas-2009\/#primaryimage\"},\"image\":{\"@id\":\"https:\/\/miamiauto.lt\/automobiliai\/mercedes-sprinter-keleivinis-autobusas-2009\/#primaryimage\"},\"thumbnailUrl\":\"https:\/\/miamiauto.lt\/wp-content\/uploads\/2024\/09\/WhatsApp-Image-2024-03-27-at-10.23.19-AM.jpeg\",\"datePublished\":\"2024-09-28T23:08:28+00:00\",\"dateModified\":\"2024-09-28T23:08:28+00:00\",\"breadcrumb\":{\"@id\":\"https:\/\/miamiauto.lt\/automobiliai\/mercedes-sprinter-keleivinis-autobusas-2009\/#breadcrumb\"},\"inLanguage\":\"en-US\",\"potentialAction\":[{\"@type\":\"ReadAction\",\"target\":[\"https:\/\/miamiauto.lt\/automobiliai\/mercedes-sprinter-keleivinis-autobusas-2009\/\"]}]},{\"@type\":\"ImageObject\",\"inLanguage\":\"en-US\",\"@id\":\"https:\/\/miamiauto.lt\/automobiliai\/mercedes-sprinter-keleivinis-autobusas-2009\/#primaryimage\",\"url\":\"https:\/\/miamiauto.lt\/wp-content\/uploads\/2024\/09\/WhatsApp-Image-2024-03-27-at-10.23.19-AM.jpeg\",\"contentUrl\":\"https:\/\/miamiauto.lt\/wp-content\/uploads\/2024\/09\/WhatsApp-Image-2024-03-27-at-10.23.19-AM.jpeg\",\"width\":1600,\"height\":1200},{\"@type\":\"BreadcrumbList\",\"@id\":\"https:\/\/miamiauto.lt\/automobiliai\/mercedes-sprinter-keleivinis-autobusas-2009\/#breadcrumb\",\"itemListElement\":[{\"@type\":\"ListItem\",\"position\":1,\"name\":\"Home\",\"item\":\"https:\/\/miamiauto.lt\/\"},{\"@type\":\"ListItem\",\"position\":2,\"name\":\"Automobiliai\",\"item\":\"https:\/\/miamiauto.lt\/automobiliai\/\"},{\"@type\":\"ListItem\",\"position\":3,\"name\":\"Mercedes, Sprinter, Keleivinis Autobusas, 2009\"}]},{\"@type\":\"WebSite\",\"@id\":\"https:\/\/miamiauto.lt\/#website\",\"url\":\"https:\/\/miamiauto.lt\/\",\"name\":\"miamiauto\",\"description\":\"\",\"publisher\":{\"@id\":\"https:\/\/miamiauto.lt\/#organization\"},\"potentialAction\":[{\"@type\":\"SearchAction\",\"target\":{\"@type\":\"EntryPoint\",\"urlTemplate\":\"https:\/\/miamiauto.lt\/?s={search_term_string}\"},\"query-input\":{\"@type\":\"PropertyValueSpecification\",\"valueRequired\":true,\"valueName\":\"search_term_string\"}}],\"inLanguage\":\"en-US\"},{\"@type\":\"Organization\",\"@id\":\"https:\/\/miamiauto.lt\/#organization\",\"name\":\"miamiauto\",\"url\":\"https:\/\/miamiauto.lt\/\",\"logo\":{\"@type\":\"ImageObject\",\"inLanguage\":\"en-US\",\"@id\":\"https:\/\/miamiauto.lt\/#\/schema\/logo\/image\/\",\"url\":\"https:\/\/miamiauto.lt\/wp-content\/uploads\/2024\/09\/cropped-miamiauto-logo-png-1-1.png\",\"contentUrl\":\"https:\/\/miamiauto.lt\/wp-content\/uploads\/2024\/09\/cropped-miamiauto-logo-png-1-1.png\",\"width\":1093,\"height\":286,\"caption\":\"miamiauto\"},\"image\":{\"@id\":\"https:\/\/miamiauto.lt\/#\/schema\/logo\/image\/\"}}]}<\/script>\n<!-- \/ Yoast SEO plugin. -->","yoast_head_json":{"title":"Mercedes, Sprinter, Keleivinis Autobusas, 2009 - Miamiauto","robots":{"index":"index","follow":"follow","max-snippet":"max-snippet:-1","max-image-preview":"max-image-preview:large","max-video-preview":"max-video-preview:-1"},"canonical":"https:\/\/miamiauto.lt\/en\/automobiliai\/mercedes-sprinter-keleivinis-autobusas-2009\/","og_locale":"en_US","og_type":"article","og_title":"Mercedes, Sprinter, Keleivinis Autobusas, 2009 - Miamiauto","og_description":"*Garantuojame J\u016bs\u0173 u\u017esakymo \u012fvykdym\u0105 ir u\u017etikriname, kad Jums bus i\u0161nuomotas tos pa\u010dios arba auk\u0161tesn\u0117s klas\u0117s automobilis, tenkinantis visus J\u016bs\u0173 poreikius.","og_url":"https:\/\/miamiauto.lt\/en\/automobiliai\/mercedes-sprinter-keleivinis-autobusas-2009\/","og_site_name":"Miamiauto","og_image":[{"width":1600,"height":1200,"url":"https:\/\/miamiauto.lt\/wp-content\/uploads\/2024\/09\/WhatsApp-Image-2024-03-27-at-10.23.19-AM.jpeg","type":"image\/jpeg"}],"twitter_card":"summary_large_image","schema":{"@context":"https:\/\/schema.org","@graph":[{"@type":"WebPage","@id":"https:\/\/miamiauto.lt\/automobiliai\/mercedes-sprinter-keleivinis-autobusas-2009\/","url":"https:\/\/miamiauto.lt\/automobiliai\/mercedes-sprinter-keleivinis-autobusas-2009\/","name":"Mercedes, Sprinter, Keleivinis Autobusas, 2009 - Miamiauto","isPartOf":{"@id":"https:\/\/miamiauto.lt\/#website"},"primaryImageOfPage":{"@id":"https:\/\/miamiauto.lt\/automobiliai\/mercedes-sprinter-keleivinis-autobusas-2009\/#primaryimage"},"image":{"@id":"https:\/\/miamiauto.lt\/automobiliai\/mercedes-sprinter-keleivinis-autobusas-2009\/#primaryimage"},"thumbnailUrl":"https:\/\/miamiauto.lt\/wp-content\/uploads\/2024\/09\/WhatsApp-Image-2024-03-27-at-10.23.19-AM.jpeg","datePublished":"2024-09-28T23:08:28+00:00","dateModified":"2024-09-28T23:08:28+00:00","breadcrumb":{"@id":"https:\/\/miamiauto.lt\/automobiliai\/mercedes-sprinter-keleivinis-autobusas-2009\/#breadcrumb"},"inLanguage":"en-US","potentialAction":[{"@type":"ReadAction","target":["https:\/\/miamiauto.lt\/automobiliai\/mercedes-sprinter-keleivinis-autobusas-2009\/"]}]},{"@type":"ImageObject","inLanguage":"en-US","@id":"https:\/\/miamiauto.lt\/automobiliai\/mercedes-sprinter-keleivinis-autobusas-2009\/#primaryimage","url":"https:\/\/miamiauto.lt\/wp-content\/uploads\/2024\/09\/WhatsApp-Image-2024-03-27-at-10.23.19-AM.jpeg","contentUrl":"https:\/\/miamiauto.lt\/wp-content\/uploads\/2024\/09\/WhatsApp-Image-2024-03-27-at-10.23.19-AM.jpeg","width":1600,"height":1200},{"@type":"BreadcrumbList","@id":"https:\/\/miamiauto.lt\/automobiliai\/mercedes-sprinter-keleivinis-autobusas-2009\/#breadcrumb","itemListElement":[{"@type":"ListItem","position":1,"name":"Home","item":"https:\/\/miamiauto.lt\/"},{"@type":"ListItem","position":2,"name":"Automobiliai","item":"https:\/\/miamiauto.lt\/automobiliai\/"},{"@type":"ListItem","position":3,"name":"Mercedes, Sprinter, Keleivinis Autobusas, 2009"}]},{"@type":"WebSite","@id":"https:\/\/miamiauto.lt\/#website","url":"https:\/\/miamiauto.lt\/","name":"miamiauto","description":"","publisher":{"@id":"https:\/\/miamiauto.lt\/#organization"},"potentialAction":[{"@type":"SearchAction","target":{"@type":"EntryPoint","urlTemplate":"https:\/\/miamiauto.lt\/?s={search_term_string}"},"query-input":{"@type":"PropertyValueSpecification","valueRequired":true,"valueName":"search_term_string"}}],"inLanguage":"en-US"},{"@type":"Organization","@id":"https:\/\/miamiauto.lt\/#organization","name":"miamiauto","url":"https:\/\/miamiauto.lt\/","logo":{"@type":"ImageObject","inLanguage":"en-US","@id":"https:\/\/miamiauto.lt\/#\/schema\/logo\/image\/","url":"https:\/\/miamiauto.lt\/wp-content\/uploads\/2024\/09\/cropped-miamiauto-logo-png-1-1.png","contentUrl":"https:\/\/miamiauto.lt\/wp-content\/uploads\/2024\/09\/cropped-miamiauto-logo-png-1-1.png","width":1093,"height":286,"caption":"miamiauto"},"image":{"@id":"https:\/\/miamiauto.lt\/#\/schema\/logo\/image\/"}}]}},"uagb_featured_image_src":{"full":["https:\/\/miamiauto.lt\/wp-content\/uploads\/2024\/09\/WhatsApp-Image-2024-03-27-at-10.23.19-AM.jpeg",1600,1200,false],"thumbnail":["https:\/\/miamiauto.lt\/wp-content\/uploads\/2024\/09\/WhatsApp-Image-2024-03-27-at-10.23.19-AM-150x150.jpeg",150,150,true],"medium":["https:\/\/miamiauto.lt\/wp-content\/uploads\/2024\/09\/WhatsApp-Image-2024-03-27-at-10.23.19-AM-300x225.jpeg",300,225,true],"medium_large":["https:\/\/miamiauto.lt\/wp-content\/uploads\/2024\/09\/WhatsApp-Image-2024-03-27-at-10.23.19-AM-768x576.jpeg",768,576,true],"large":["https:\/\/miamiauto.lt\/wp-content\/uploads\/2024\/09\/WhatsApp-Image-2024-03-27-at-10.23.19-AM-1024x768.jpeg",1024,768,true],"1536x1536":["https:\/\/miamiauto.lt\/wp-content\/uploads\/2024\/09\/WhatsApp-Image-2024-03-27-at-10.23.19-AM-1536x1152.jpeg",1536,1152,true],"2048x2048":["https:\/\/miamiauto.lt\/wp-content\/uploads\/2024\/09\/WhatsApp-Image-2024-03-27-at-10.23.19-AM.jpeg",1600,1200,false],"trp-custom-language-flag":["https:\/\/miamiauto.lt\/wp-content\/uploads\/2024\/09\/WhatsApp-Image-2024-03-27-at-10.23.19-AM-16x12.jpeg",16,12,true],"woocommerce_thumbnail":["https:\/\/miamiauto.lt\/wp-content\/uploads\/2024\/09\/WhatsApp-Image-2024-03-27-at-10.23.19-AM-900x675.jpeg",900,675,true],"woocommerce_single":["https:\/\/miamiauto.lt\/wp-content\/uploads\/2024\/09\/WhatsApp-Image-2024-03-27-at-10.23.19-AM-900x675.jpeg",900,675,true],"woocommerce_gallery_thumbnail":["https:\/\/miamiauto.lt\/wp-content\/uploads\/2024\/09\/WhatsApp-Image-2024-03-27-at-10.23.19-AM-100x100.jpeg",100,100,true]},"uagb_author_info":{"display_name":"ADMIN_8541362","author_link":"https:\/\/miamiauto.lt\/en\/author\/"},"uagb_comment_info":0,"uagb_excerpt":"*Garantuojame J\u016bs\u0173 u\u017esakymo \u012fvykdym\u0105 ir u\u017etikriname, kad Jums bus i\u0161nuomotas tos pa\u010dios arba auk\u0161tesn\u0117s klas\u0117s automobilis, tenkinantis visus J\u016bs\u0173 poreikius.","_links":{"self":[{"href":"https:\/\/miamiauto.lt\/en\/wp-json\/wp\/v2\/product\/2698"}],"collection":[{"href":"https:\/\/miamiauto.lt\/en\/wp-json\/wp\/v2\/product"}],"about":[{"href":"https:\/\/miamiauto.lt\/en\/wp-json\/wp\/v2\/types\/product"}],"replies":[{"embeddable":true,"href":"https:\/\/miamiauto.lt\/en\/wp-json\/wp\/v2\/comments?post=2698"}],"wp:featuredmedia":[{"embeddable":true,"href":"https:\/\/miamiauto.lt\/en\/wp-json\/wp\/v2\/media\/2701"}],"wp:attachment":[{"href":"https:\/\/miamiauto.lt\/en\/wp-json\/wp\/v2\/media?parent=2698"}],"wp:term":[{"taxonomy":"product_cat","embeddable":true,"href":"https:\/\/miamiauto.lt\/en\/wp-json\/wp\/v2\/product_cat?post=2698"},{"taxonomy":"product_tag","embeddable":true,"href":"https:\/\/miamiauto.lt\/en\/wp-json\/wp\/v2\/product_tag?post=2698"}],"curies":[{"name":"wp","href":"https:\/\/api.w.org\/{rel}","templated":true}]}}