{"id":217,"date":"2024-09-02T10:58:34","date_gmt":"2024-09-02T10:58:34","guid":{"rendered":"https:\/\/miamiauto.lt\/services\/"},"modified":"2024-11-05T14:47:23","modified_gmt":"2024-11-05T14:47:23","slug":"tralo-paslaugos","status":"publish","type":"page","link":"https:\/\/miamiauto.lt\/en\/tralo-paslaugos\/","title":{"rendered":"Tralo paslaugos"},"content":{"rendered":"<div data-elementor-type=\"wp-post\" data-elementor-id=\"217\" class=\"elementor elementor-217\" data-elementor-post-type=\"page\">\n\t\t\t\t<div class=\"elementor-element elementor-element-d2cff76 e-flex e-con-boxed e-con e-parent\" data-id=\"d2cff76\" data-element_type=\"container\" data-settings=\"{&quot;background_background&quot;:&quot;gradient&quot;,&quot;jet_parallax_layout_list&quot;:[]}\">\n\t\t\t\t\t<div class=\"e-con-inner\">\n\t\t<div class=\"elementor-element elementor-element-e5b5e67 e-con-full e-flex e-con e-child\" data-id=\"e5b5e67\" data-element_type=\"container\" data-settings=\"{&quot;jet_parallax_layout_list&quot;:[]}\">\n\t\t\t\t<div class=\"elementor-element elementor-element-35d6ac0 elementor-widget elementor-widget-heading\" data-id=\"35d6ac0\" data-element_type=\"widget\" data-widget_type=\"heading.default\">\n\t\t\t\t<div class=\"elementor-widget-container\">\n\t\t\t<h1 class=\"elementor-heading-title elementor-size-default\">Tralo paslaugos visoje Lietuvoje<\/h1>\t\t<\/div>\n\t\t\t\t<\/div>\n\t\t\t\t<div class=\"elementor-element elementor-element-59d1b51 elementor-widget elementor-widget-text-editor\" data-id=\"59d1b51\" data-element_type=\"widget\" data-widget_type=\"text-editor.default\">\n\t\t\t\t<div class=\"elementor-widget-container\">\n\t\t\t\t\t\t\t<p><span data-sheets-root=\"1\">Si\u016blome skubi\u0105 technin\u0119 pagalb\u0105 kelyje, suprantame, kad b\u016bn\u0105 \u012fvairi\u0173 situacij\u0173 kelyje. Tad m\u016bs\u0173 specialistai yra pasiruo\u0161\u0119 pad\u0117ti Jums sunkiausiose situacijose.<br \/><br \/>Gabename sug\u0119dusius ar \u012f eismo \u012fvyk\u012f patekusius automobilius, motociklus, mikroautobusus, \u012fvairi\u0105 technik\u0105 ir kitas transporto priemones.<\/span><\/p>\t\t\t\t\t\t<\/div>\n\t\t\t\t<\/div>\n\t\t\t\t<\/div>\n\t\t\t\t\t<\/div>\n\t\t\t\t<\/div>\n\t\t<div class=\"elementor-element elementor-element-1be7c1f e-flex e-con-boxed e-con e-parent\" data-id=\"1be7c1f\" data-element_type=\"container\" data-settings=\"{&quot;background_background&quot;:&quot;classic&quot;,&quot;jet_parallax_layout_list&quot;:[]}\">\n\t\t\t\t\t<div class=\"e-con-inner\">\n\t\t<div class=\"elementor-element elementor-element-b4202ad e-con-full e-flex e-con e-child\" data-id=\"b4202ad\" data-element_type=\"container\" data-settings=\"{&quot;jet_parallax_layout_list&quot;:[]}\">\n\t\t\t\t<div class=\"elementor-element elementor-element-712b6db elementor-widget elementor-widget-heading\" data-id=\"712b6db\" data-element_type=\"widget\" data-widget_type=\"heading.default\">\n\t\t\t\t<div class=\"elementor-widget-container\">\n\t\t\t<h2 class=\"elementor-heading-title elementor-size-default\">Kod\u0117l rinktis mus?<\/h2>\t\t<\/div>\n\t\t\t\t<\/div>\n\t\t\t\t<div class=\"elementor-element elementor-element-92e042a elementor-widget-divider--view-line elementor-widget elementor-widget-divider\" data-id=\"92e042a\" data-element_type=\"widget\" data-widget_type=\"divider.default\">\n\t\t\t\t<div class=\"elementor-widget-container\">\n\t\t\t\t\t<div class=\"elementor-divider\">\n\t\t\t<span class=\"elementor-divider-separator\">\n\t\t\t\t\t\t<\/span>\n\t\t<\/div>\n\t\t\t\t<\/div>\n\t\t\t\t<\/div>\n\t\t\t\t<\/div>\n\t\t<div class=\"elementor-element elementor-element-1109b28 e-con-full e-flex e-con e-child\" data-id=\"1109b28\" data-element_type=\"container\" data-settings=\"{&quot;jet_parallax_layout_list&quot;:[]}\">\n\t\t<div class=\"elementor-element elementor-element-2c95cff e-con-full e-flex e-con e-child\" data-id=\"2c95cff\" data-element_type=\"container\" data-settings=\"{&quot;background_background&quot;:&quot;classic&quot;,&quot;jet_parallax_layout_list&quot;:[]}\">\n\t\t\t\t<div class=\"elementor-element elementor-element-2ad9929 elementor-widget elementor-widget-image\" data-id=\"2ad9929\" data-element_type=\"widget\" data-widget_type=\"image.default\">\n\t\t\t\t<div class=\"elementor-widget-container\">\n\t\t\t\t\t\t\t\t\t\t\t\t\t<img decoding=\"async\" width=\"64\" height=\"64\" src=\"https:\/\/miamiauto.lt\/wp-content\/uploads\/2024\/10\/speed.png\" class=\"attachment-large size-large wp-image-2728\" alt=\"\" srcset=\"https:\/\/miamiauto.lt\/wp-content\/uploads\/2024\/10\/speed.png 64w, https:\/\/miamiauto.lt\/wp-content\/uploads\/2024\/10\/speed-12x12.png 12w\" sizes=\"(max-width: 64px) 100vw, 64px\" \/>\t\t\t\t\t\t\t\t\t\t\t\t\t<\/div>\n\t\t\t\t<\/div>\n\t\t\t\t<div class=\"elementor-element elementor-element-e9fa715 elementor-widget elementor-widget-icon-box\" data-id=\"e9fa715\" data-element_type=\"widget\" data-widget_type=\"icon-box.default\">\n\t\t\t\t<div class=\"elementor-widget-container\">\n\t\t\t\t\t<div class=\"elementor-icon-box-wrapper\">\n\n\t\t\t\n\t\t\t\t\t\t<div class=\"elementor-icon-box-content\">\n\n\t\t\t\t\t\t\t\t\t<h5 class=\"elementor-icon-box-title\">\n\t\t\t\t\t\t<span  >\n\t\t\t\t\t\t\tGREITAS ATVYKIMAS\t\t\t\t\t\t<\/span>\n\t\t\t\t\t<\/h5>\n\t\t\t\t\n\t\t\t\t\t\t\t\t\t<p class=\"elementor-icon-box-description\">\n\t\t\t\t\t\tSuprantame greito ir operatyvaus reagavimo svarb\u0105.\t\t\t\t\t<\/p>\n\t\t\t\t\n\t\t\t<\/div>\n\t\t\t\n\t\t<\/div>\n\t\t\t\t<\/div>\n\t\t\t\t<\/div>\n\t\t\t\t<\/div>\n\t\t<div class=\"elementor-element elementor-element-85cc340 e-con-full e-flex e-con e-child\" data-id=\"85cc340\" data-element_type=\"container\" data-settings=\"{&quot;background_background&quot;:&quot;classic&quot;,&quot;jet_parallax_layout_list&quot;:[]}\">\n\t\t\t\t<div class=\"elementor-element elementor-element-3d32e4a elementor-widget elementor-widget-image\" data-id=\"3d32e4a\" data-element_type=\"widget\" data-widget_type=\"image.default\">\n\t\t\t\t<div class=\"elementor-widget-container\">\n\t\t\t\t\t\t\t\t\t\t\t\t\t<img decoding=\"async\" width=\"64\" height=\"64\" src=\"https:\/\/miamiauto.lt\/wp-content\/uploads\/2024\/10\/24-hours-support.png\" class=\"attachment-large size-large wp-image-2727\" alt=\"\" srcset=\"https:\/\/miamiauto.lt\/wp-content\/uploads\/2024\/10\/24-hours-support.png 64w, https:\/\/miamiauto.lt\/wp-content\/uploads\/2024\/10\/24-hours-support-12x12.png 12w\" sizes=\"(max-width: 64px) 100vw, 64px\" \/>\t\t\t\t\t\t\t\t\t\t\t\t\t<\/div>\n\t\t\t\t<\/div>\n\t\t\t\t<div class=\"elementor-element elementor-element-cfcd9af elementor-widget elementor-widget-icon-box\" data-id=\"cfcd9af\" data-element_type=\"widget\" data-widget_type=\"icon-box.default\">\n\t\t\t\t<div class=\"elementor-widget-container\">\n\t\t\t\t\t<div class=\"elementor-icon-box-wrapper\">\n\n\t\t\t\n\t\t\t\t\t\t<div class=\"elementor-icon-box-content\">\n\n\t\t\t\t\t\t\t\t\t<h5 class=\"elementor-icon-box-title\">\n\t\t\t\t\t\t<span  >\n\t\t\t\t\t\t\tVISA PAR\u0104\t\t\t\t\t\t<\/span>\n\t\t\t\t\t<\/h5>\n\t\t\t\t\n\t\t\t\t\t\t\t\t\t<p class=\"elementor-icon-box-description\">\n\t\t\t\t\t\tDirbame Jums 24 val. per par\u0105 7 dienas per savait\u0119.\t\t\t\t\t<\/p>\n\t\t\t\t\n\t\t\t<\/div>\n\t\t\t\n\t\t<\/div>\n\t\t\t\t<\/div>\n\t\t\t\t<\/div>\n\t\t\t\t<\/div>\n\t\t<div class=\"elementor-element elementor-element-33e5139 e-con-full e-flex e-con e-child\" data-id=\"33e5139\" data-element_type=\"container\" data-settings=\"{&quot;background_background&quot;:&quot;classic&quot;,&quot;jet_parallax_layout_list&quot;:[]}\">\n\t\t\t\t<div class=\"elementor-element elementor-element-7ed42e7 elementor-widget elementor-widget-image\" data-id=\"7ed42e7\" data-element_type=\"widget\" data-widget_type=\"image.default\">\n\t\t\t\t<div class=\"elementor-widget-container\">\n\t\t\t\t\t\t\t\t\t\t\t\t\t<img decoding=\"async\" width=\"64\" height=\"64\" src=\"https:\/\/miamiauto.lt\/wp-content\/uploads\/2024\/10\/best-price.png\" class=\"attachment-large size-large wp-image-2726\" alt=\"\" srcset=\"https:\/\/miamiauto.lt\/wp-content\/uploads\/2024\/10\/best-price.png 64w, https:\/\/miamiauto.lt\/wp-content\/uploads\/2024\/10\/best-price-12x12.png 12w\" sizes=\"(max-width: 64px) 100vw, 64px\" \/>\t\t\t\t\t\t\t\t\t\t\t\t\t<\/div>\n\t\t\t\t<\/div>\n\t\t\t\t<div class=\"elementor-element elementor-element-6289a3c elementor-widget elementor-widget-icon-box\" data-id=\"6289a3c\" data-element_type=\"widget\" data-widget_type=\"icon-box.default\">\n\t\t\t\t<div class=\"elementor-widget-container\">\n\t\t\t\t\t<div class=\"elementor-icon-box-wrapper\">\n\n\t\t\t\n\t\t\t\t\t\t<div class=\"elementor-icon-box-content\">\n\n\t\t\t\t\t\t\t\t\t<h5 class=\"elementor-icon-box-title\">\n\t\t\t\t\t\t<span  >\n\t\t\t\t\t\t\tPRIEINAMOS KAINOS\t\t\t\t\t\t<\/span>\n\t\t\t\t\t<\/h5>\n\t\t\t\t\n\t\t\t\t\t\t\t\t\t<p class=\"elementor-icon-box-description\">\n\t\t\t\t\t\tPasir\u016bpinsime j\u016bs\u0173 transporto priemone u\u017e proting\u0105 kain\u0105, kuri\u0105 gal\u0117sime aptarti.\t\t\t\t\t<\/p>\n\t\t\t\t\n\t\t\t<\/div>\n\t\t\t\n\t\t<\/div>\n\t\t\t\t<\/div>\n\t\t\t\t<\/div>\n\t\t\t\t<\/div>\n\t\t\t\t<\/div>\n\t\t<div class=\"elementor-element elementor-element-7e52eb5 e-con-full e-flex e-con e-child\" data-id=\"7e52eb5\" data-element_type=\"container\" data-settings=\"{&quot;jet_parallax_layout_list&quot;:[]}\">\n\t\t\t\t<\/div>\n\t\t\t\t\t<\/div>\n\t\t\t\t<\/div>\n\t\t<div class=\"elementor-element elementor-element-c53c303 e-flex e-con-boxed e-con e-parent\" data-id=\"c53c303\" data-element_type=\"container\" data-settings=\"{&quot;background_background&quot;:&quot;classic&quot;,&quot;jet_parallax_layout_list&quot;:[]}\">\n\t\t\t\t\t<div class=\"e-con-inner\">\n\t\t<div class=\"elementor-element elementor-element-a0d9283 e-con-full e-flex e-con e-child\" data-id=\"a0d9283\" data-element_type=\"container\" data-settings=\"{&quot;jet_parallax_layout_list&quot;:[]}\">\n\t\t\t\t<div class=\"elementor-element elementor-element-3f821cb elementor-widget elementor-widget-heading\" data-id=\"3f821cb\" data-element_type=\"widget\" data-widget_type=\"heading.default\">\n\t\t\t\t<div class=\"elementor-widget-container\">\n\t\t\t<h2 class=\"elementor-heading-title elementor-size-default\">Skubi pagalba kelyje<\/h2>\t\t<\/div>\n\t\t\t\t<\/div>\n\t\t\t\t<div class=\"elementor-element elementor-element-ff21b0c elementor-widget-divider--view-line elementor-widget elementor-widget-divider\" data-id=\"ff21b0c\" data-element_type=\"widget\" data-widget_type=\"divider.default\">\n\t\t\t\t<div class=\"elementor-widget-container\">\n\t\t\t\t\t<div class=\"elementor-divider\">\n\t\t\t<span class=\"elementor-divider-separator\">\n\t\t\t\t\t\t<\/span>\n\t\t<\/div>\n\t\t\t\t<\/div>\n\t\t\t\t<\/div>\n\t\t\t\t<div class=\"elementor-element elementor-element-10a1475 elementor-mobile-align-center elementor-align-left elementor-widget elementor-widget-button\" data-id=\"10a1475\" data-element_type=\"widget\" data-widget_type=\"button.default\">\n\t\t\t\t<div class=\"elementor-widget-container\">\n\t\t\t\t\t<div class=\"elementor-button-wrapper\">\n\t\t\t<a class=\"elementor-button elementor-button-link elementor-size-md elementor-animation-grow\" href=\"tel: 370 6925 5490\">\n\t\t\t\t\t\t<span class=\"elementor-button-content-wrapper\">\n\t\t\t\t\t\t<span class=\"elementor-button-icon\">\n\t\t\t\t<svg aria-hidden=\"true\" class=\"e-font-icon-svg e-fas-phone\" viewbox=\"0 0 512 512\" xmlns=\"http:\/\/www.w3.org\/2000\/svg\"><path d=\"M493.4 24.6l-104-24c-11.3-2.6-22.9 3.3-27.5 13.9l-48 112c-4.2 9.8-1.4 21.3 6.9 28l60.6 49.6c-36 76.7-98.9 140.5-177.2 177.2l-49.6-60.6c-6.8-8.3-18.2-11.1-28-6.9l-112 48C3.9 366.5-2 378.1.6 389.4l24 104C27.1 504.2 36.7 512 48 512c256.1 0 464-207.5 464-464 0-11.2-7.7-20.9-18.6-23.4z\"><\/path><\/svg>\t\t\t<\/span>\n\t\t\t\t\t\t\t\t\t<span class=\"elementor-button-text\">+370 6925 5490<\/span>\n\t\t\t\t\t<\/span>\n\t\t\t\t\t<\/a>\n\t\t<\/div>\n\t\t\t\t<\/div>\n\t\t\t\t<\/div>\n\t\t\t\t<\/div>\n\t\t\t\t\t<\/div>\n\t\t\t\t<\/div>\n\t\t\t\t<\/div>","protected":false},"excerpt":{"rendered":"<p>Tralo paslaugos visoje Lietuvoje Si\u016blome skubi\u0105 technin\u0119 pagalb\u0105 kelyje, suprantame, kad b\u016bn\u0105 \u012fvairi\u0173 situacij\u0173 kelyje. Tad m\u016bs\u0173 specialistai yra pasiruo\u0161\u0119 pad\u0117ti Jums sunkiausiose situacijose. Gabename sug\u0119dusius ar \u012f eismo \u012fvyk\u012f patekusius automobilius, motociklus, mikroautobusus, \u012fvairi\u0105 technik\u0105 ir kitas transporto priemones. Kod\u0117l rinktis mus? GREITAS ATVYKIMAS Suprantame greito ir operatyvaus reagavimo svarb\u0105. VISA PAR\u0104 Dirbame Jums [&hellip;]<\/p>","protected":false},"author":1,"featured_media":2734,"parent":0,"menu_order":0,"comment_status":"closed","ping_status":"closed","template":"","meta":{"_acf_changed":false,"_uag_custom_page_level_css":"","site-sidebar-layout":"no-sidebar","site-content-layout":"page-builder","ast-site-content-layout":"full-width-container","site-content-style":"unboxed","site-sidebar-style":"unboxed","ast-global-header-display":"","ast-banner-title-visibility":"","ast-main-header-display":"","ast-hfb-above-header-display":"","ast-hfb-below-header-display":"","ast-hfb-mobile-header-display":"","site-post-title":"disabled","ast-breadcrumbs-content":"","ast-featured-img":"disabled","footer-sml-layout":"","theme-transparent-header-meta":"enabled","adv-header-id-meta":"","stick-header-meta":"default","header-above-stick-meta":"","header-main-stick-meta":"","header-below-stick-meta":"","astra-migrate-meta-layouts":"set","ast-page-background-enabled":"default","ast-page-background-meta":{"desktop":{"background-color":"","background-image":"","background-repeat":"repeat","background-position":"center center","background-size":"auto","background-attachment":"scroll","background-type":"","background-media":"","overlay-type":"","overlay-color":"","overlay-opacity":"","overlay-gradient":""},"tablet":{"background-color":"","background-image":"","background-repeat":"repeat","background-position":"center center","background-size":"auto","background-attachment":"scroll","background-type":"","background-media":"","overlay-type":"","overlay-color":"","overlay-opacity":"","overlay-gradient":""},"mobile":{"background-color":"","background-image":"","background-repeat":"repeat","background-position":"center center","background-size":"auto","background-attachment":"scroll","background-type":"","background-media":"","overlay-type":"","overlay-color":"","overlay-opacity":"","overlay-gradient":""}},"ast-content-background-meta":{"desktop":{"background-color":"var(--ast-global-color-5)","background-image":"","background-repeat":"repeat","background-position":"center center","background-size":"auto","background-attachment":"scroll","background-type":"","background-media":"","overlay-type":"","overlay-color":"","overlay-opacity":"","overlay-gradient":""},"tablet":{"background-color":"var(--ast-global-color-5)","background-image":"","background-repeat":"repeat","background-position":"center center","background-size":"auto","background-attachment":"scroll","background-type":"","background-media":"","overlay-type":"","overlay-color":"","overlay-opacity":"","overlay-gradient":""},"mobile":{"background-color":"var(--ast-global-color-5)","background-image":"","background-repeat":"repeat","background-position":"center center","background-size":"auto","background-attachment":"scroll","background-type":"","background-media":"","overlay-type":"","overlay-color":"","overlay-opacity":"","overlay-gradient":""}},"footnotes":""},"class_list":["post-217","page","type-page","status-publish","has-post-thumbnail","hentry"],"acf":[],"yoast_head":"<!-- This site is optimized with the Yoast SEO plugin v23.6 - https:\/\/yoast.com\/wordpress\/plugins\/seo\/ -->\n<title>Tralo paslaugos - Skubi pagalba kelyje Miamiauto<\/title>\n<meta name=\"description\" content=\"Tralo paslaugos vis\u0105 par\u0105 \u2013 greita pagalba kelyje. U\u017esakyk profesional\u0173 aptarnavim\u0105. Greita ir patikima.\" \/>\n<meta name=\"robots\" content=\"index, follow, max-snippet:-1, max-image-preview:large, max-video-preview:-1\" \/>\n<link rel=\"canonical\" href=\"https:\/\/miamiauto.lt\/en\/tralo-paslaugos\/\" \/>\n<meta property=\"og:locale\" content=\"en_US\" \/>\n<meta property=\"og:type\" content=\"article\" \/>\n<meta property=\"og:title\" content=\"Tralo paslaugos - Skubi pagalba kelyje Miamiauto\" \/>\n<meta property=\"og:description\" content=\"Tralo paslaugos vis\u0105 par\u0105 \u2013 greita pagalba kelyje. U\u017esakyk profesional\u0173 aptarnavim\u0105. Greita ir patikima.\" \/>\n<meta property=\"og:url\" content=\"https:\/\/miamiauto.lt\/en\/tralo-paslaugos\/\" \/>\n<meta property=\"og:site_name\" content=\"Miamiauto\" \/>\n<meta property=\"article:modified_time\" content=\"2024-11-05T14:47:23+00:00\" \/>\n<meta property=\"og:image\" content=\"https:\/\/miamiauto.lt\/wp-content\/uploads\/2024\/10\/PAgalba-kelyje-2.jpeg\" \/>\n\t<meta property=\"og:image:width\" content=\"2048\" \/>\n\t<meta property=\"og:image:height\" content=\"1536\" \/>\n\t<meta property=\"og:image:type\" content=\"image\/jpeg\" \/>\n<meta name=\"twitter:card\" content=\"summary_large_image\" \/>\n<meta name=\"twitter:label1\" content=\"Est. reading time\" \/>\n\t<meta name=\"twitter:data1\" content=\"1 minute\" \/>\n<script type=\"application\/ld+json\" class=\"yoast-schema-graph\">{\"@context\":\"https:\/\/schema.org\",\"@graph\":[{\"@type\":\"WebPage\",\"@id\":\"https:\/\/miamiauto.lt\/tralo-paslaugos\/\",\"url\":\"https:\/\/miamiauto.lt\/tralo-paslaugos\/\",\"name\":\"Tralo paslaugos - Skubi pagalba kelyje Miamiauto\",\"isPartOf\":{\"@id\":\"https:\/\/miamiauto.lt\/#website\"},\"primaryImageOfPage\":{\"@id\":\"https:\/\/miamiauto.lt\/tralo-paslaugos\/#primaryimage\"},\"image\":{\"@id\":\"https:\/\/miamiauto.lt\/tralo-paslaugos\/#primaryimage\"},\"thumbnailUrl\":\"https:\/\/miamiauto.lt\/wp-content\/uploads\/2024\/10\/PAgalba-kelyje-2.jpeg\",\"datePublished\":\"2024-09-02T10:58:34+00:00\",\"dateModified\":\"2024-11-05T14:47:23+00:00\",\"description\":\"Tralo paslaugos vis\u0105 par\u0105 \u2013 greita pagalba kelyje. U\u017esakyk profesional\u0173 aptarnavim\u0105. Greita ir patikima.\",\"breadcrumb\":{\"@id\":\"https:\/\/miamiauto.lt\/tralo-paslaugos\/#breadcrumb\"},\"inLanguage\":\"en-US\",\"potentialAction\":[{\"@type\":\"ReadAction\",\"target\":[\"https:\/\/miamiauto.lt\/tralo-paslaugos\/\"]}]},{\"@type\":\"ImageObject\",\"inLanguage\":\"en-US\",\"@id\":\"https:\/\/miamiauto.lt\/tralo-paslaugos\/#primaryimage\",\"url\":\"https:\/\/miamiauto.lt\/wp-content\/uploads\/2024\/10\/PAgalba-kelyje-2.jpeg\",\"contentUrl\":\"https:\/\/miamiauto.lt\/wp-content\/uploads\/2024\/10\/PAgalba-kelyje-2.jpeg\",\"width\":2048,\"height\":1536},{\"@type\":\"BreadcrumbList\",\"@id\":\"https:\/\/miamiauto.lt\/tralo-paslaugos\/#breadcrumb\",\"itemListElement\":[{\"@type\":\"ListItem\",\"position\":1,\"name\":\"Home\",\"item\":\"https:\/\/miamiauto.lt\/\"},{\"@type\":\"ListItem\",\"position\":2,\"name\":\"Tralo paslaugos\"}]},{\"@type\":\"WebSite\",\"@id\":\"https:\/\/miamiauto.lt\/#website\",\"url\":\"https:\/\/miamiauto.lt\/\",\"name\":\"miamiauto\",\"description\":\"\",\"publisher\":{\"@id\":\"https:\/\/miamiauto.lt\/#organization\"},\"potentialAction\":[{\"@type\":\"SearchAction\",\"target\":{\"@type\":\"EntryPoint\",\"urlTemplate\":\"https:\/\/miamiauto.lt\/?s={search_term_string}\"},\"query-input\":{\"@type\":\"PropertyValueSpecification\",\"valueRequired\":true,\"valueName\":\"search_term_string\"}}],\"inLanguage\":\"en-US\"},{\"@type\":\"Organization\",\"@id\":\"https:\/\/miamiauto.lt\/#organization\",\"name\":\"miamiauto\",\"url\":\"https:\/\/miamiauto.lt\/\",\"logo\":{\"@type\":\"ImageObject\",\"inLanguage\":\"en-US\",\"@id\":\"https:\/\/miamiauto.lt\/#\/schema\/logo\/image\/\",\"url\":\"https:\/\/miamiauto.lt\/wp-content\/uploads\/2024\/09\/cropped-miamiauto-logo-png-1-1.png\",\"contentUrl\":\"https:\/\/miamiauto.lt\/wp-content\/uploads\/2024\/09\/cropped-miamiauto-logo-png-1-1.png\",\"width\":1093,\"height\":286,\"caption\":\"miamiauto\"},\"image\":{\"@id\":\"https:\/\/miamiauto.lt\/#\/schema\/logo\/image\/\"}}]}<\/script>\n<!-- \/ Yoast SEO plugin. -->","yoast_head_json":{"title":"Tralo paslaugos - Skubi pagalba kelyje Miamiauto","description":"Tralo paslaugos vis\u0105 par\u0105 \u2013 greita pagalba kelyje. U\u017esakyk profesional\u0173 aptarnavim\u0105. Greita ir patikima.","robots":{"index":"index","follow":"follow","max-snippet":"max-snippet:-1","max-image-preview":"max-image-preview:large","max-video-preview":"max-video-preview:-1"},"canonical":"https:\/\/miamiauto.lt\/en\/tralo-paslaugos\/","og_locale":"en_US","og_type":"article","og_title":"Tralo paslaugos - Skubi pagalba kelyje Miamiauto","og_description":"Tralo paslaugos vis\u0105 par\u0105 \u2013 greita pagalba kelyje. U\u017esakyk profesional\u0173 aptarnavim\u0105. Greita ir patikima.","og_url":"https:\/\/miamiauto.lt\/en\/tralo-paslaugos\/","og_site_name":"Miamiauto","article_modified_time":"2024-11-05T14:47:23+00:00","og_image":[{"width":2048,"height":1536,"url":"https:\/\/miamiauto.lt\/wp-content\/uploads\/2024\/10\/PAgalba-kelyje-2.jpeg","type":"image\/jpeg"}],"twitter_card":"summary_large_image","twitter_misc":{"Est. reading time":"1 minute"},"schema":{"@context":"https:\/\/schema.org","@graph":[{"@type":"WebPage","@id":"https:\/\/miamiauto.lt\/tralo-paslaugos\/","url":"https:\/\/miamiauto.lt\/tralo-paslaugos\/","name":"Tralo paslaugos - Skubi pagalba kelyje Miamiauto","isPartOf":{"@id":"https:\/\/miamiauto.lt\/#website"},"primaryImageOfPage":{"@id":"https:\/\/miamiauto.lt\/tralo-paslaugos\/#primaryimage"},"image":{"@id":"https:\/\/miamiauto.lt\/tralo-paslaugos\/#primaryimage"},"thumbnailUrl":"https:\/\/miamiauto.lt\/wp-content\/uploads\/2024\/10\/PAgalba-kelyje-2.jpeg","datePublished":"2024-09-02T10:58:34+00:00","dateModified":"2024-11-05T14:47:23+00:00","description":"Tralo paslaugos vis\u0105 par\u0105 \u2013 greita pagalba kelyje. U\u017esakyk profesional\u0173 aptarnavim\u0105. Greita ir patikima.","breadcrumb":{"@id":"https:\/\/miamiauto.lt\/tralo-paslaugos\/#breadcrumb"},"inLanguage":"en-US","potentialAction":[{"@type":"ReadAction","target":["https:\/\/miamiauto.lt\/tralo-paslaugos\/"]}]},{"@type":"ImageObject","inLanguage":"en-US","@id":"https:\/\/miamiauto.lt\/tralo-paslaugos\/#primaryimage","url":"https:\/\/miamiauto.lt\/wp-content\/uploads\/2024\/10\/PAgalba-kelyje-2.jpeg","contentUrl":"https:\/\/miamiauto.lt\/wp-content\/uploads\/2024\/10\/PAgalba-kelyje-2.jpeg","width":2048,"height":1536},{"@type":"BreadcrumbList","@id":"https:\/\/miamiauto.lt\/tralo-paslaugos\/#breadcrumb","itemListElement":[{"@type":"ListItem","position":1,"name":"Home","item":"https:\/\/miamiauto.lt\/"},{"@type":"ListItem","position":2,"name":"Tralo paslaugos"}]},{"@type":"WebSite","@id":"https:\/\/miamiauto.lt\/#website","url":"https:\/\/miamiauto.lt\/","name":"miamiauto","description":"","publisher":{"@id":"https:\/\/miamiauto.lt\/#organization"},"potentialAction":[{"@type":"SearchAction","target":{"@type":"EntryPoint","urlTemplate":"https:\/\/miamiauto.lt\/?s={search_term_string}"},"query-input":{"@type":"PropertyValueSpecification","valueRequired":true,"valueName":"search_term_string"}}],"inLanguage":"en-US"},{"@type":"Organization","@id":"https:\/\/miamiauto.lt\/#organization","name":"miamiauto","url":"https:\/\/miamiauto.lt\/","logo":{"@type":"ImageObject","inLanguage":"en-US","@id":"https:\/\/miamiauto.lt\/#\/schema\/logo\/image\/","url":"https:\/\/miamiauto.lt\/wp-content\/uploads\/2024\/09\/cropped-miamiauto-logo-png-1-1.png","contentUrl":"https:\/\/miamiauto.lt\/wp-content\/uploads\/2024\/09\/cropped-miamiauto-logo-png-1-1.png","width":1093,"height":286,"caption":"miamiauto"},"image":{"@id":"https:\/\/miamiauto.lt\/#\/schema\/logo\/image\/"}}]}},"uagb_featured_image_src":{"full":["https:\/\/miamiauto.lt\/wp-content\/uploads\/2024\/10\/PAgalba-kelyje-2.jpeg",2048,1536,false],"thumbnail":["https:\/\/miamiauto.lt\/wp-content\/uploads\/2024\/10\/PAgalba-kelyje-2-150x150.jpeg",150,150,true],"medium":["https:\/\/miamiauto.lt\/wp-content\/uploads\/2024\/10\/PAgalba-kelyje-2-300x225.jpeg",300,225,true],"medium_large":["https:\/\/miamiauto.lt\/wp-content\/uploads\/2024\/10\/PAgalba-kelyje-2-768x576.jpeg",768,576,true],"large":["https:\/\/miamiauto.lt\/wp-content\/uploads\/2024\/10\/PAgalba-kelyje-2-1024x768.jpeg",1024,768,true],"1536x1536":["https:\/\/miamiauto.lt\/wp-content\/uploads\/2024\/10\/PAgalba-kelyje-2-1536x1152.jpeg",1536,1152,true],"2048x2048":["https:\/\/miamiauto.lt\/wp-content\/uploads\/2024\/10\/PAgalba-kelyje-2.jpeg",2048,1536,false],"trp-custom-language-flag":["https:\/\/miamiauto.lt\/wp-content\/uploads\/2024\/10\/PAgalba-kelyje-2-16x12.jpeg",16,12,true],"woocommerce_thumbnail":["https:\/\/miamiauto.lt\/wp-content\/uploads\/2024\/10\/PAgalba-kelyje-2-900x675.jpeg",900,675,true],"woocommerce_single":["https:\/\/miamiauto.lt\/wp-content\/uploads\/2024\/10\/PAgalba-kelyje-2-900x675.jpeg",900,675,true],"woocommerce_gallery_thumbnail":["https:\/\/miamiauto.lt\/wp-content\/uploads\/2024\/10\/PAgalba-kelyje-2-100x100.jpeg",100,100,true]},"uagb_author_info":{"display_name":"ADMIN_8541362","author_link":"https:\/\/miamiauto.lt\/en\/author\/admin_8541362\/"},"uagb_comment_info":0,"uagb_excerpt":"Tralo paslaugos visoje Lietuvoje Si\u016blome skubi\u0105 technin\u0119 pagalb\u0105 kelyje, suprantame, kad b\u016bn\u0105 \u012fvairi\u0173 situacij\u0173 kelyje. Tad m\u016bs\u0173 specialistai yra pasiruo\u0161\u0119 pad\u0117ti Jums sunkiausiose situacijose. Gabename sug\u0119dusius ar \u012f eismo \u012fvyk\u012f patekusius automobilius, motociklus, mikroautobusus, \u012fvairi\u0105 technik\u0105 ir kitas transporto priemones. Kod\u0117l rinktis mus? GREITAS ATVYKIMAS Suprantame greito ir operatyvaus reagavimo svarb\u0105. VISA PAR\u0104 Dirbame Jums&hellip;","_links":{"self":[{"href":"https:\/\/miamiauto.lt\/en\/wp-json\/wp\/v2\/pages\/217"}],"collection":[{"href":"https:\/\/miamiauto.lt\/en\/wp-json\/wp\/v2\/pages"}],"about":[{"href":"https:\/\/miamiauto.lt\/en\/wp-json\/wp\/v2\/types\/page"}],"author":[{"embeddable":true,"href":"https:\/\/miamiauto.lt\/en\/wp-json\/wp\/v2\/users\/1"}],"replies":[{"embeddable":true,"href":"https:\/\/miamiauto.lt\/en\/wp-json\/wp\/v2\/comments?post=217"}],"version-history":[{"count":17,"href":"https:\/\/miamiauto.lt\/en\/wp-json\/wp\/v2\/pages\/217\/revisions"}],"predecessor-version":[{"id":2892,"href":"https:\/\/miamiauto.lt\/en\/wp-json\/wp\/v2\/pages\/217\/revisions\/2892"}],"wp:featuredmedia":[{"embeddable":true,"href":"https:\/\/miamiauto.lt\/en\/wp-json\/wp\/v2\/media\/2734"}],"wp:attachment":[{"href":"https:\/\/miamiauto.lt\/en\/wp-json\/wp\/v2\/media?parent=217"}],"curies":[{"name":"wp","href":"https:\/\/api.w.org\/{rel}","templated":true}]}}